{"id":76,"date":"2025-02-17T18:31:27","date_gmt":"2025-02-17T18:31:27","guid":{"rendered":"https:\/\/ears.ftpporto.com\/?page_id=76"},"modified":"2025-10-09T10:43:39","modified_gmt":"2025-10-09T10:43:39","slug":"home","status":"publish","type":"page","link":"https:\/\/ears.ftpporto.com\/","title":{"rendered":"P\u00e1gina Inicial"},"content":{"rendered":"<div class=\"wpb-content-wrapper\"><div style=\"min-height: 700px\" data-vc-full-width=\"true\" data-vc-full-width-init=\"false\" class=\"vc_row wpb_row vc_row-fluid hero-banner vc_custom_1760005359372 vc_row-has-fill\"><div class=\"wpb_column vc_column_container vc_col-sm-12\"><div class=\"vc_column-inner\"><div class=\"wpb_wrapper\">\n\t<div class=\"wpb_text_column wpb_content_element hero-text\" >\n\t\t<div class=\"wpb_wrapper\">\n\t\t\t<h1><strong><span style=\"color: #ffffff;\">Sistema de recomenda\u00e7\u00f5es para melhorar<\/span><\/strong><br \/>\n<strong><span style=\"color: #ffffff;\"> busca por servi\u00e7os e suporte cliente<\/span><\/strong><\/h1>\n\n\t\t<\/div>\n\t<\/div>\n<div class=\"vc_row wpb_row vc_inner vc_row-fluid vc_row-o-content-middle vc_row-flex\"><div class=\"wpb_column vc_column_container vc_col-sm-12\"><div class=\"vc_column-inner\"><div class=\"wpb_wrapper\"><div class=\"vc_btn3-container  btn btn-warning vc_btn3-center vc_do_btn\" ><a class=\"vc_general vc_btn3 vc_btn3-size-md vc_btn3-shape-rounded vc_btn3-style-flat vc_btn3-color-warning\" href=\"https:\/\/ears.ftpporto.com\/index.php\/projecto\/\" title=\"Projecto\">Saber mais sobre produto<\/a><\/div><\/div><\/div><\/div><\/div><\/div><\/div><\/div><\/div><div class=\"vc_row-full-width vc_clearfix\"><\/div><div style=\"min-height: 30px\" data-vc-full-width=\"true\" data-vc-full-width-init=\"false\" data-vc-stretch-content=\"true\" class=\"vc_row wpb_row vc_row-fluid vc_custom_1760005319069 vc_row-has-fill vc_row-no-padding vc_row-o-content-middle vc_row-flex\"><div class=\"wpb_column vc_column_container vc_col-sm-12\"><div class=\"vc_column-inner vc_custom_1760005470787\"><div class=\"wpb_wrapper\">\n\t<div class=\"wpb_text_column wpb_content_element vc_custom_1760006605010\" >\n\t\t<div class=\"wpb_wrapper\">\n\t\t\t<p style=\"text-align: center;\"><span style=\"color: #000000;\"><strong>Data Projeto<br \/>\n<\/strong>\u00a001-11-2023 at\u00e9 <\/span><span style=\"color: #000000;\">30-09-2026<\/span><\/p>\n\n\t\t<\/div>\n\t<\/div>\n<\/div><\/div><\/div><\/div><div class=\"vc_row-full-width vc_clearfix\"><\/div><div style=\"min-height: 118px\" data-vc-full-width=\"true\" data-vc-full-width-init=\"false\" class=\"vc_row wpb_row vc_row-fluid vc_custom_1739986840088 vc_row-has-fill\"><div class=\"wpb_column vc_column_container vc_col-sm-12\"><div class=\"vc_column-inner\"><div class=\"wpb_wrapper\">\n\t<div  class=\"wpb_single_image wpb_content_element vc_align_center wpb_content_element\">\n\t\t\n\t\t<figure class=\"wpb_wrapper vc_figure\">\n\t\t\t<div class=\"vc_single_image-wrapper   vc_box_border_grey\"><img loading=\"lazy\" decoding=\"async\" width=\"1438\" height=\"188\" src=\"https:\/\/ears.ftpporto.com\/wp-content\/uploads\/2025\/02\/Barra-Financiamento.png\" class=\"vc_single_image-img attachment-full\" alt=\"\" title=\"Barra Financiamento\" srcset=\"https:\/\/ears.ftpporto.com\/wp-content\/uploads\/2025\/02\/Barra-Financiamento.png 1438w, https:\/\/ears.ftpporto.com\/wp-content\/uploads\/2025\/02\/Barra-Financiamento-300x39.png 300w, https:\/\/ears.ftpporto.com\/wp-content\/uploads\/2025\/02\/Barra-Financiamento-1024x134.png 1024w, https:\/\/ears.ftpporto.com\/wp-content\/uploads\/2025\/02\/Barra-Financiamento-768x100.png 768w\" sizes=\"auto, (max-width: 1438px) 100vw, 1438px\" \/><\/div>\n\t\t<\/figure>\n\t<\/div>\n<\/div><\/div><\/div><\/div><div class=\"vc_row-full-width vc_clearfix\"><\/div><div style=\"min-height: 300px\" data-vc-full-width=\"true\" data-vc-full-width-init=\"false\" data-vc-stretch-content=\"true\" class=\"vc_row wpb_row vc_row-fluid iconsOrganizados vc_custom_1739880828014 vc_row-has-fill vc_row-o-content-middle vc_row-flex\"><div class=\"iconsAjustar wpb_column vc_column_container vc_col-sm-12\"><div class=\"vc_column-inner\"><div class=\"wpb_wrapper\"><div class=\"vc_row wpb_row vc_inner vc_row-fluid vc_row-o-content-middle vc_row-flex\"><div class=\"wpb_column vc_column_container vc_col-sm-4\"><div class=\"vc_column-inner\"><div class=\"wpb_wrapper\"><div class=\"vc_icon_element vc_icon_element-outer vc_do_icon vc_icon_element-align-center\"><div class=\"vc_icon_element-inner vc_icon_element-color-blue vc_icon_element-size-xl vc_icon_element-style- vc_icon_element-background-color-grey\" ><span class=\"vc_icon_element-icon fas fa-users\" ><\/span><\/div><\/div>\n\t<div class=\"wpb_text_column wpb_content_element\" >\n\t\t<div class=\"wpb_wrapper\">\n\t\t\t<p><span style=\"color: #5472d2;\"><strong>10 Parceiros<\/strong><\/span><\/p>\n\n\t\t<\/div>\n\t<\/div>\n<\/div><\/div><\/div><div class=\"wpb_column vc_column_container vc_col-sm-4\"><div class=\"vc_column-inner\"><div class=\"wpb_wrapper\"><div class=\"vc_icon_element vc_icon_element-outer vc_do_icon vc_icon_element-align-center\"><div class=\"vc_icon_element-inner vc_icon_element-color-blue vc_icon_element-size-xl vc_icon_element-style- vc_icon_element-background-color-grey\" ><span class=\"vc_icon_element-icon fas fa-globe-americas\" ><\/span><\/div><\/div>\n\t<div class=\"wpb_text_column wpb_content_element\" >\n\t\t<div class=\"wpb_wrapper\">\n\t\t\t<p><span style=\"color: #5472d2;\"><strong>4 Pa\u00edses<\/strong><\/span><\/p>\n\n\t\t<\/div>\n\t<\/div>\n<\/div><\/div><\/div><div class=\"wpb_column vc_column_container vc_col-sm-4\"><div class=\"vc_column-inner\"><div class=\"wpb_wrapper\"><div class=\"vc_icon_element vc_icon_element-outer vc_do_icon vc_icon_element-align-center\"><div class=\"vc_icon_element-inner vc_icon_element-color-blue vc_icon_element-size-xl vc_icon_element-style- vc_icon_element-background-color-grey\" ><span class=\"vc_icon_element-icon fas fa-money-bill-wave-alt\" ><\/span><\/div><\/div>\n\t<div class=\"wpb_text_column wpb_content_element\" >\n\t\t<div class=\"wpb_wrapper\">\n\t\t\t<p><strong><span style=\"color: #5472d2;\">2 Entidades Nacionais<\/span><\/strong><\/p>\n\n\t\t<\/div>\n\t<\/div>\n<\/div><\/div><\/div><\/div><div class=\"vc_row wpb_row vc_inner vc_row-fluid vc_row-o-content-middle vc_row-flex\"><div class=\"wpb_column vc_column_container vc_col-sm-4\"><div class=\"vc_column-inner\"><div class=\"wpb_wrapper\"><div class=\"vc_icon_element vc_icon_element-outer vc_do_icon vc_icon_element-align-center\"><div class=\"vc_icon_element-inner vc_icon_element-color-blue vc_icon_element-size-xl vc_icon_element-style- vc_icon_element-background-color-grey\" ><span class=\"vc_icon_element-icon fas fa-network-wired\" ><\/span><\/div><\/div>\n\t<div class=\"wpb_text_column wpb_content_element\" >\n\t\t<div class=\"wpb_wrapper\">\n\t\t\t<p><span style=\"color: #5472d2;\"><strong>ITEA Call 2024<\/strong><\/span><\/p>\n\n\t\t<\/div>\n\t<\/div>\n<\/div><\/div><\/div><div class=\"wpb_column vc_column_container vc_col-sm-4\"><div class=\"vc_column-inner\"><div class=\"wpb_wrapper\"><div class=\"vc_icon_element vc_icon_element-outer vc_do_icon vc_icon_element-align-center\"><div class=\"vc_icon_element-inner vc_icon_element-color-blue vc_icon_element-size-xl vc_icon_element-style- vc_icon_element-background-color-grey\" ><span class=\"vc_icon_element-icon fas fa-lightbulb\" ><\/span><\/div><\/div>\n\t<div class=\"wpb_text_column wpb_content_element\" >\n\t\t<div class=\"wpb_wrapper\">\n\t\t\t<p><strong><span style=\"color: #5472d2;\">Smart Communities<br \/>\n<\/span><\/strong><\/p>\n\n\t\t<\/div>\n\t<\/div>\n<\/div><\/div><\/div><div class=\"wpb_column vc_column_container vc_col-sm-4\"><div class=\"vc_column-inner\"><div class=\"wpb_wrapper\"><div class=\"vc_icon_element vc_icon_element-outer vc_do_icon vc_icon_element-align-center\"><div class=\"vc_icon_element-inner vc_icon_element-color-blue vc_icon_element-size-xl vc_icon_element-style- vc_icon_element-background-color-grey\" ><span class=\"vc_icon_element-icon fas fa-stream\" ><\/span><\/div><\/div>\n\t<div class=\"wpb_text_column wpb_content_element\" >\n\t\t<div class=\"wpb_wrapper\">\n\t\t\t<p><strong><span style=\"color: #5472d2;\">Dura\u00e7\u00e3o do Projecto: 35 meses<\/span><\/strong><\/p>\n\n\t\t<\/div>\n\t<\/div>\n<\/div><\/div><\/div><\/div><\/div><\/div><\/div><\/div><div class=\"vc_row-full-width vc_clearfix\"><\/div><div id=\"projectoOMD\" class=\"vc_row wpb_row vc_row-fluid vc_custom_1739893877771 vc_row-o-content-middle vc_row-flex\"><div class=\"wpb_column vc_column_container vc_col-sm-12 vc_col-has-fill\"><div class=\"vc_column-inner vc_custom_1739891856179\"><div class=\"wpb_wrapper\"><div class=\"vc_row wpb_row vc_inner vc_row-fluid vc_row-o-content-middle vc_row-flex\"><div class=\"wpb_column vc_column_container vc_col-sm-6\"><div class=\"vc_column-inner\"><div class=\"wpb_wrapper\">\n\t<div  class=\"wpb_single_image wpb_content_element vc_align_right wpb_content_element\">\n\t\t\n\t\t<figure class=\"wpb_wrapper vc_figure\">\n\t\t\t<div class=\"vc_single_image-wrapper   vc_box_border_grey\"><img loading=\"lazy\" decoding=\"async\" width=\"1020\" height=\"1024\" src=\"https:\/\/ears.ftpporto.com\/wp-content\/uploads\/2025\/02\/recommend-changed-1020x1024.png\" class=\"vc_single_image-img attachment-large\" alt=\"\" title=\"recommend - changed\" srcset=\"https:\/\/ears.ftpporto.com\/wp-content\/uploads\/2025\/02\/recommend-changed-1020x1024.png 1020w, https:\/\/ears.ftpporto.com\/wp-content\/uploads\/2025\/02\/recommend-changed-300x300.png 300w, https:\/\/ears.ftpporto.com\/wp-content\/uploads\/2025\/02\/recommend-changed-150x150.png 150w, https:\/\/ears.ftpporto.com\/wp-content\/uploads\/2025\/02\/recommend-changed-768x771.png 768w, https:\/\/ears.ftpporto.com\/wp-content\/uploads\/2025\/02\/recommend-changed-1531x1536.png 1531w, https:\/\/ears.ftpporto.com\/wp-content\/uploads\/2025\/02\/recommend-changed-2041x2048.png 2041w\" sizes=\"auto, (max-width: 1020px) 100vw, 1020px\" \/><\/div>\n\t\t<\/figure>\n\t<\/div>\n<\/div><\/div><\/div><div class=\"wpb_column vc_column_container vc_col-sm-6\"><div class=\"vc_column-inner\"><div class=\"wpb_wrapper\">\n\t<div class=\"wpb_text_column wpb_content_element\" >\n\t\t<div class=\"wpb_wrapper\">\n\t\t\t<h3><strong>SISTEMA DE RECOMENDA\u00c7\u00d5ES<\/strong><\/h3>\n<p>Revolucionar o sistema de recomenda\u00e7\u00f5es atrav\u00e9s de advance AI e tecnologia de preserva\u00e7\u00e3o de dados pessoais.<\/p>\n\n\t\t<\/div>\n\t<\/div>\n<\/div><\/div><\/div><\/div><\/div><\/div><\/div><\/div><div data-vc-full-width=\"true\" data-vc-full-width-init=\"false\" class=\"vc_row wpb_row vc_row-fluid vc_custom_1739894035579 vc_row-has-fill vc_row-o-content-middle vc_row-flex\"><div class=\"wpb_column vc_column_container vc_col-sm-12 vc_col-has-fill\"><div class=\"vc_column-inner vc_custom_1739891856179\"><div class=\"wpb_wrapper\"><div class=\"vc_row wpb_row vc_inner vc_row-fluid vc_row-o-content-middle vc_row-flex\"><div class=\"wpb_column vc_column_container vc_col-sm-6\"><div class=\"vc_column-inner\"><div class=\"wpb_wrapper\">\n\t<div class=\"wpb_text_column wpb_content_element\" >\n\t\t<div class=\"wpb_wrapper\">\n\t\t\t<h3><strong>FERRAMENTAS DE SDM<\/strong><\/h3>\n<p>Resolver solu\u00e7\u00f5es de ferramentas de SDM, de forma a aumentar efic\u00e1cia e tempo de resposta.<\/p>\n\n\t\t<\/div>\n\t<\/div>\n<\/div><\/div><\/div><div class=\"wpb_column vc_column_container vc_col-sm-6\"><div class=\"vc_column-inner\"><div class=\"wpb_wrapper\">\n\t<div  class=\"wpb_single_image wpb_content_element vc_align_left wpb_content_element\">\n\t\t\n\t\t<figure class=\"wpb_wrapper vc_figure\">\n\t\t\t<div class=\"vc_single_image-wrapper   vc_box_border_grey\"><img loading=\"lazy\" decoding=\"async\" width=\"1010\" height=\"1024\" src=\"https:\/\/ears.ftpporto.com\/wp-content\/uploads\/2025\/02\/sdm-nova-1010x1024.png\" class=\"vc_single_image-img attachment-large\" alt=\"\" title=\"sdm-nova\" srcset=\"https:\/\/ears.ftpporto.com\/wp-content\/uploads\/2025\/02\/sdm-nova-1010x1024.png 1010w, https:\/\/ears.ftpporto.com\/wp-content\/uploads\/2025\/02\/sdm-nova-296x300.png 296w, https:\/\/ears.ftpporto.com\/wp-content\/uploads\/2025\/02\/sdm-nova-768x779.png 768w, https:\/\/ears.ftpporto.com\/wp-content\/uploads\/2025\/02\/sdm-nova-1515x1536.png 1515w, https:\/\/ears.ftpporto.com\/wp-content\/uploads\/2025\/02\/sdm-nova-2020x2048.png 2020w\" sizes=\"auto, (max-width: 1010px) 100vw, 1010px\" \/><\/div>\n\t\t<\/figure>\n\t<\/div>\n<\/div><\/div><\/div><\/div><\/div><\/div><\/div><\/div><div class=\"vc_row-full-width vc_clearfix\"><\/div>\n<\/div>","protected":false},"excerpt":{"rendered":"Sistema de recomenda\u00e7\u00f5es para melhorar busca por servi\u00e7os e suporte cliente Saber mais sobre produto Data Projeto \u00a001-11-2023 at\u00e9 30-09-2026 10 Parceiros 4 Pa\u00edses 2 Entidades Nacionais ITEA Call 2024 Smart Communities Dura\u00e7\u00e3o do Projecto: 35 meses SISTEMA DE RECOMENDA\u00c7\u00d5ES Revolucionar o sistema de recomenda\u00e7\u00f5es atrav\u00e9s de advance AI e tecnologia de preserva\u00e7\u00e3o de dados ... <a title=\"P\u00e1gina Inicial\" class=\"read-more\" href=\"https:\/\/ears.ftpporto.com\/\" aria-label=\"Leia mais sobre P\u00e1gina Inicial\">Ler mais<\/a>","protected":false},"author":1,"featured_media":0,"parent":0,"menu_order":0,"comment_status":"closed","ping_status":"closed","template":"","meta":{"footnotes":""},"class_list":["post-76","page","type-page","status-publish"],"_links":{"self":[{"href":"https:\/\/ears.ftpporto.com\/index.php\/wp-json\/wp\/v2\/pages\/76","targetHints":{"allow":["GET"]}}],"collection":[{"href":"https:\/\/ears.ftpporto.com\/index.php\/wp-json\/wp\/v2\/pages"}],"about":[{"href":"https:\/\/ears.ftpporto.com\/index.php\/wp-json\/wp\/v2\/types\/page"}],"author":[{"embeddable":true,"href":"https:\/\/ears.ftpporto.com\/index.php\/wp-json\/wp\/v2\/users\/1"}],"replies":[{"embeddable":true,"href":"https:\/\/ears.ftpporto.com\/index.php\/wp-json\/wp\/v2\/comments?post=76"}],"version-history":[{"count":53,"href":"https:\/\/ears.ftpporto.com\/index.php\/wp-json\/wp\/v2\/pages\/76\/revisions"}],"predecessor-version":[{"id":264,"href":"https:\/\/ears.ftpporto.com\/index.php\/wp-json\/wp\/v2\/pages\/76\/revisions\/264"}],"wp:attachment":[{"href":"https:\/\/ears.ftpporto.com\/index.php\/wp-json\/wp\/v2\/media?parent=76"}],"curies":[{"name":"wp","href":"https:\/\/api.w.org\/{rel}","templated":true}]}}