{"id":138,"date":"2025-02-18T16:43:47","date_gmt":"2025-02-18T16:43:47","guid":{"rendered":"https:\/\/ears.ftpporto.com\/?page_id=138"},"modified":"2025-10-09T09:57:26","modified_gmt":"2025-10-09T09:57:26","slug":"ficha-tecnica","status":"publish","type":"page","link":"https:\/\/ears.ftpporto.com\/index.php\/ficha-tecnica\/","title":{"rendered":"Ficha T\u00e9cnica"},"content":{"rendered":"<div class=\"wpb-content-wrapper\"><div class=\"vc_row wpb_row vc_row-fluid vc_custom_1739987412762\"><div class=\"wpb_column vc_column_container vc_col-sm-12\"><div class=\"vc_column-inner\"><div class=\"wpb_wrapper\">\n\t<div class=\"wpb_text_column wpb_content_element\" >\n\t\t<div class=\"wpb_wrapper\">\n\t\t\t<p><strong>Nome de opera\u00e7\u00e3o<br \/>\nNORTE2030-FEDER-00542300<br \/>\n<\/strong><br \/>\n<strong>Nome de Entidade Benefici\u00e1ria<br \/>\n<\/strong>FTP-Lda: Investimento: 311.749,41\u20ac Incentivo: 233.583,04\u20ac<br \/>\nISEP: Investimento: 339.024,70\u20ac Incentivo: 288.171,00\u20ac<\/p>\n<p><strong>Investimento Total | 650.774,11 \u20ac<\/strong><br \/>\n<strong>Apoio Financeiro da Uni\u00e3o Europeia | 521.754,04 \u20ac<\/strong><\/p>\n<p><strong>Objectivo<\/strong><br \/>\nA crescente ado\u00e7\u00e3o de tecnologias digitais e a necessidade de melhorar a experi\u00eancia do cliente impulsionaram a evolu\u00e7\u00e3o dos Sistemas de Recomenda\u00e7\u00e3o, um mercado em r\u00e1pido crescimento. No entanto, ainda persistem desafios significativos, como a melhoria da precis\u00e3o das recomenda\u00e7\u00f5es personalizadas, que podem ser abordados atrav\u00e9s da recolha de dados mais relevantes e do desenvolvimento de novas abordagens, incluindo solu\u00e7\u00f5es h\u00edbridas e t\u00e9cnicas avan\u00e7adas de IA, como a aprendizagem federada.O projeto EARS surge como uma resposta inovadora, promovendo um ecossistema colaborativo que re\u00fane diferentes atores da cadeia de valor para criar solu\u00e7\u00f5es mais eficazes e inovadoras em v\u00e1rios dom\u00ednios. Atrav\u00e9s de uma plataforma unificadora, o projeto possibilita a colabora\u00e7\u00e3o entre fornecedores de solu\u00e7\u00f5es, investigadores, integradores de sistemas e empresas tecnol\u00f3gicas, potenciando o desenvolvimento de novos algoritmos e metodologias de IA.O apoio financeiro da Uni\u00e3o Europeia \u00e9 crucial para viabilizar esta iniciativa, permitindo a investiga\u00e7\u00e3o e desenvolvimento de novas tecnologias, a implementa\u00e7\u00e3o de infraestruturas avan\u00e7adas e a colabora\u00e7\u00e3o transnacional entre institui\u00e7\u00f5es de cinco pa\u00edses. Este financiamento contribui para a acelera\u00e7\u00e3o da inova\u00e7\u00e3o, o fortalecimento da competitividade europeia na \u00e1rea dos Sistemas de Recomenda\u00e7\u00e3o e a cria\u00e7\u00e3o de solu\u00e7\u00f5es com impacto significativo na economia digital.<\/p>\n\n\t\t<\/div>\n\t<\/div>\n<\/div><\/div><\/div><\/div><div data-vc-full-width=\"true\" data-vc-full-width-init=\"false\" class=\"vc_row wpb_row vc_row-fluid vc_custom_1739984914424 vc_row-has-fill\"><div class=\"wpb_column vc_column_container vc_col-sm-12 vc_col-has-fill\"><div class=\"vc_column-inner vc_custom_1739986674463\"><div class=\"wpb_wrapper\">\n\t<div id=\"imagem-barra\" class=\"wpb_single_image wpb_content_element vc_align_center wpb_content_element\">\n\t\t\n\t\t<figure class=\"wpb_wrapper vc_figure\">\n\t\t\t<div class=\"vc_single_image-wrapper   vc_box_border_grey\"><img loading=\"lazy\" decoding=\"async\" width=\"1438\" height=\"188\" src=\"https:\/\/ears.ftpporto.com\/wp-content\/uploads\/2025\/02\/Barra-Financiamento.png\" class=\"vc_single_image-img attachment-full\" alt=\"\" title=\"Barra Financiamento\" srcset=\"https:\/\/ears.ftpporto.com\/wp-content\/uploads\/2025\/02\/Barra-Financiamento.png 1438w, https:\/\/ears.ftpporto.com\/wp-content\/uploads\/2025\/02\/Barra-Financiamento-300x39.png 300w, https:\/\/ears.ftpporto.com\/wp-content\/uploads\/2025\/02\/Barra-Financiamento-1024x134.png 1024w, https:\/\/ears.ftpporto.com\/wp-content\/uploads\/2025\/02\/Barra-Financiamento-768x100.png 768w\" sizes=\"auto, (max-width: 1438px) 100vw, 1438px\" \/><\/div>\n\t\t<\/figure>\n\t<\/div>\n<\/div><\/div><\/div><\/div><div class=\"vc_row-full-width vc_clearfix\"><\/div>\n<\/div>","protected":false},"excerpt":{"rendered":"Nome de opera\u00e7\u00e3o NORTE2030-FEDER-00542300 Nome de Entidade Benefici\u00e1ria FTP-Lda: Investimento: 311.749,41\u20ac Incentivo: 233.583,04\u20ac ISEP: Investimento: 339.024,70\u20ac Incentivo: 288.171,00\u20ac Investimento Total | 650.774,11 \u20ac Apoio Financeiro da Uni\u00e3o Europeia | 521.754,04 \u20ac Objectivo A crescente ado\u00e7\u00e3o de tecnologias digitais e a necessidade de melhorar a experi\u00eancia do cliente impulsionaram a evolu\u00e7\u00e3o dos Sistemas de Recomenda\u00e7\u00e3o, um ... <a title=\"Ficha T\u00e9cnica\" class=\"read-more\" href=\"https:\/\/ears.ftpporto.com\/index.php\/ficha-tecnica\/\" aria-label=\"Leia mais sobre Ficha T\u00e9cnica\">Ler mais<\/a>","protected":false},"author":1,"featured_media":0,"parent":0,"menu_order":0,"comment_status":"closed","ping_status":"closed","template":"","meta":{"footnotes":""},"class_list":["post-138","page","type-page","status-publish"],"_links":{"self":[{"href":"https:\/\/ears.ftpporto.com\/index.php\/wp-json\/wp\/v2\/pages\/138","targetHints":{"allow":["GET"]}}],"collection":[{"href":"https:\/\/ears.ftpporto.com\/index.php\/wp-json\/wp\/v2\/pages"}],"about":[{"href":"https:\/\/ears.ftpporto.com\/index.php\/wp-json\/wp\/v2\/types\/page"}],"author":[{"embeddable":true,"href":"https:\/\/ears.ftpporto.com\/index.php\/wp-json\/wp\/v2\/users\/1"}],"replies":[{"embeddable":true,"href":"https:\/\/ears.ftpporto.com\/index.php\/wp-json\/wp\/v2\/comments?post=138"}],"version-history":[{"count":12,"href":"https:\/\/ears.ftpporto.com\/index.php\/wp-json\/wp\/v2\/pages\/138\/revisions"}],"predecessor-version":[{"id":278,"href":"https:\/\/ears.ftpporto.com\/index.php\/wp-json\/wp\/v2\/pages\/138\/revisions\/278"}],"wp:attachment":[{"href":"https:\/\/ears.ftpporto.com\/index.php\/wp-json\/wp\/v2\/media?parent=138"}],"curies":[{"name":"wp","href":"https:\/\/api.w.org\/{rel}","templated":true}]}}