{"id":131,"date":"2025-02-18T15:56:07","date_gmt":"2025-02-18T15:56:07","guid":{"rendered":"https:\/\/ears.ftpporto.com\/?page_id=131"},"modified":"2025-04-22T15:51:34","modified_gmt":"2025-04-22T15:51:34","slug":"projecto","status":"publish","type":"page","link":"https:\/\/ears.ftpporto.com\/index.php\/projecto\/","title":{"rendered":"Projeto"},"content":{"rendered":"<div class=\"wpb-content-wrapper\"><div class=\"vc_row wpb_row vc_row-fluid project-image-adjust vc_custom_1739979354382 vc_row-o-content-middle vc_row-flex\"><div class=\"wpb_column vc_column_container vc_col-sm-12\"><div class=\"vc_column-inner\"><div class=\"wpb_wrapper\">\n\t<div id=\"imagem-barra\" class=\"wpb_single_image wpb_content_element vc_align_center wpb_content_element\">\n\t\t\n\t\t<figure class=\"wpb_wrapper vc_figure\">\n\t\t\t<div class=\"vc_single_image-wrapper   vc_box_border_grey\"><img loading=\"lazy\" decoding=\"async\" width=\"1438\" height=\"188\" src=\"https:\/\/ears.ftpporto.com\/wp-content\/uploads\/2025\/02\/Barra-Financiamento.png\" class=\"vc_single_image-img attachment-full\" alt=\"\" title=\"Barra Financiamento\" srcset=\"https:\/\/ears.ftpporto.com\/wp-content\/uploads\/2025\/02\/Barra-Financiamento.png 1438w, https:\/\/ears.ftpporto.com\/wp-content\/uploads\/2025\/02\/Barra-Financiamento-300x39.png 300w, https:\/\/ears.ftpporto.com\/wp-content\/uploads\/2025\/02\/Barra-Financiamento-1024x134.png 1024w, https:\/\/ears.ftpporto.com\/wp-content\/uploads\/2025\/02\/Barra-Financiamento-768x100.png 768w\" sizes=\"auto, (max-width: 1438px) 100vw, 1438px\" \/><\/div>\n\t\t<\/figure>\n\t<\/div>\n<\/div><\/div><\/div><\/div><div class=\"vc_row wpb_row vc_row-fluid project-image-adjust vc_custom_1739979354382 vc_row-o-content-middle vc_row-flex\"><div class=\"wpb_column vc_column_container vc_col-sm-6\"><div class=\"vc_column-inner\"><div class=\"wpb_wrapper\">\n\t<div class=\"wpb_text_column wpb_content_element\" >\n\t\t<div class=\"wpb_wrapper\">\n\t\t\t<p>O projeto EARS visa o desenvolvimento de uma framework inovadora que permita a atribui\u00e7\u00e3o autom\u00e1tica e eficiente do agente mais adequado para atender \u00e0s necessidades espec\u00edficas de clientes, melhorando a gest\u00e3o de recursos em servi\u00e7os de suporte remoto. Em um cen\u00e1rio onde a internet de alta velocidade tornou-se acess\u00edvel, o EARS surge para atender \u00e0 crescente demanda por respostas r\u00e1pidas e eficientes, tanto para os clientes quanto para as organiza\u00e7\u00f5es, no contexto das intera\u00e7\u00f5es de servi\u00e7os online.<\/p>\n\n\t\t<\/div>\n\t<\/div>\n<\/div><\/div><\/div><div class=\"wpb_column vc_column_container vc_col-sm-6\"><div class=\"vc_column-inner\"><div class=\"wpb_wrapper\">\n\t<div  class=\"wpb_single_image wpb_content_element vc_align_right wpb_content_element\">\n\t\t\n\t\t<figure class=\"wpb_wrapper vc_figure\">\n\t\t\t<div class=\"vc_single_image-wrapper   vc_box_border_grey\"><img loading=\"lazy\" decoding=\"async\" width=\"1005\" height=\"1024\" src=\"https:\/\/ears.ftpporto.com\/wp-content\/uploads\/2025\/02\/1-1005x1024.png\" class=\"vc_single_image-img attachment-large\" alt=\"\" title=\"1\" srcset=\"https:\/\/ears.ftpporto.com\/wp-content\/uploads\/2025\/02\/1-1005x1024.png 1005w, https:\/\/ears.ftpporto.com\/wp-content\/uploads\/2025\/02\/1-294x300.png 294w, https:\/\/ears.ftpporto.com\/wp-content\/uploads\/2025\/02\/1-768x782.png 768w, https:\/\/ears.ftpporto.com\/wp-content\/uploads\/2025\/02\/1-1508x1536.png 1508w, https:\/\/ears.ftpporto.com\/wp-content\/uploads\/2025\/02\/1-2010x2048.png 2010w\" sizes=\"auto, (max-width: 1005px) 100vw, 1005px\" \/><\/div>\n\t\t<\/figure>\n\t<\/div>\n<\/div><\/div><\/div><\/div><div class=\"vc_row wpb_row vc_row-fluid project-image-adjust vc_custom_1739979359102 vc_row-o-content-middle vc_row-flex\"><div class=\"wpb_column vc_column_container vc_col-sm-6\"><div class=\"vc_column-inner\"><div class=\"wpb_wrapper\">\n\t<div  class=\"wpb_single_image wpb_content_element vc_align_left wpb_content_element\">\n\t\t\n\t\t<figure class=\"wpb_wrapper vc_figure\">\n\t\t\t<div class=\"vc_single_image-wrapper   vc_box_border_grey\"><img loading=\"lazy\" decoding=\"async\" width=\"1003\" height=\"1024\" src=\"https:\/\/ears.ftpporto.com\/wp-content\/uploads\/2025\/02\/2-1003x1024.png\" class=\"vc_single_image-img attachment-large\" alt=\"\" title=\"2\" srcset=\"https:\/\/ears.ftpporto.com\/wp-content\/uploads\/2025\/02\/2-1003x1024.png 1003w, https:\/\/ears.ftpporto.com\/wp-content\/uploads\/2025\/02\/2-294x300.png 294w, https:\/\/ears.ftpporto.com\/wp-content\/uploads\/2025\/02\/2-768x784.png 768w, https:\/\/ears.ftpporto.com\/wp-content\/uploads\/2025\/02\/2-1505x1536.png 1505w, https:\/\/ears.ftpporto.com\/wp-content\/uploads\/2025\/02\/2-2007x2048.png 2007w\" sizes=\"auto, (max-width: 1003px) 100vw, 1003px\" \/><\/div>\n\t\t<\/figure>\n\t<\/div>\n<\/div><\/div><\/div><div class=\"wpb_column vc_column_container vc_col-sm-6\"><div class=\"vc_column-inner\"><div class=\"wpb_wrapper\">\n\t<div class=\"wpb_text_column wpb_content_element\" >\n\t\t<div class=\"wpb_wrapper\">\n\t\t\t<p style=\"text-align: right;\">A acelera\u00e7\u00e3o dos tempos de resposta, impulsionada pela pandemia e pelas novas exig\u00eancias do mercado, tem levado as empresas a adotar solu\u00e7\u00f5es autom\u00e1ticas para a gest\u00e3o proativa de seus processos. Ferramentas de Service Desk Management (SDM), que t\u00eam sido essenciais para esse tipo de automa\u00e7\u00e3o, s\u00e3o predominantemente focadas no setor de Tecnologias de Informa\u00e7\u00e3o (TI). Embora o mercado de SDM para TI seja vasto, a integra\u00e7\u00e3o de Intelig\u00eancia Artificial (IA) e abordagens avan\u00e7adas, como Machine Learning (ML), Deep Learning (DL) e Natural Language Processing (NLP), ainda se encontra em est\u00e1gios iniciais.<\/p>\n\n\t\t<\/div>\n\t<\/div>\n<\/div><\/div><\/div><\/div><div data-vc-full-width=\"true\" data-vc-full-width-init=\"false\" class=\"vc_row wpb_row vc_row-fluid project-image-adjust vc_custom_1739984330174 vc_row-has-fill vc_row-o-content-middle vc_row-flex\"><div class=\"wpb_column vc_column_container vc_col-sm-12\"><div class=\"vc_column-inner\"><div class=\"wpb_wrapper\">\n\t<div class=\"wpb_text_column wpb_content_element\" >\n\t\t<div class=\"wpb_wrapper\">\n\t\t\t<p>Em virtude dessa lacuna, surge a necessidade de uma nova abordagem que explore mais profundamente as capacidades da IA, visando otimizar a gest\u00e3o de processos complexos e a utiliza\u00e7\u00e3o eficiente de recursos em uma variedade de setores. Atualmente, n\u00e3o existe uma framework capaz de oferecer solu\u00e7\u00f5es de SDM que atendam a diferentes dom\u00ednios, como o sector da sa\u00fade, com\u00e9rcio eletr\u00f4nico, marketing, vendas, entre outros. O projeto EARS visa preencher essa lacuna, oferecendo uma solu\u00e7\u00e3o adapt\u00e1vel \u00e0s necessidades de diversos setores e criando um impacto significativo nos neg\u00f3cios.<\/p>\n\n\t\t<\/div>\n\t<\/div>\n<\/div><\/div><\/div><\/div><div class=\"vc_row-full-width vc_clearfix\"><\/div><div class=\"vc_row wpb_row vc_row-fluid project-image-adjust vc_custom_1739979371991 vc_row-o-content-middle vc_row-flex\"><div class=\"wpb_column vc_column_container vc_col-sm-6\"><div class=\"vc_column-inner\"><div class=\"wpb_wrapper\">\n\t<div  class=\"wpb_single_image wpb_content_element vc_align_left wpb_content_element\">\n\t\t\n\t\t<figure class=\"wpb_wrapper vc_figure\">\n\t\t\t<div class=\"vc_single_image-wrapper   vc_box_border_grey\"><img loading=\"lazy\" decoding=\"async\" width=\"1013\" height=\"1024\" src=\"https:\/\/ears.ftpporto.com\/wp-content\/uploads\/2025\/02\/4-1013x1024.png\" class=\"vc_single_image-img attachment-large\" alt=\"\" title=\"4\" srcset=\"https:\/\/ears.ftpporto.com\/wp-content\/uploads\/2025\/02\/4-1013x1024.png 1013w, https:\/\/ears.ftpporto.com\/wp-content\/uploads\/2025\/02\/4-297x300.png 297w, https:\/\/ears.ftpporto.com\/wp-content\/uploads\/2025\/02\/4-768x776.png 768w, https:\/\/ears.ftpporto.com\/wp-content\/uploads\/2025\/02\/4-1520x1536.png 1520w, https:\/\/ears.ftpporto.com\/wp-content\/uploads\/2025\/02\/4-2027x2048.png 2027w\" sizes=\"auto, (max-width: 1013px) 100vw, 1013px\" \/><\/div>\n\t\t<\/figure>\n\t<\/div>\n<\/div><\/div><\/div><div class=\"wpb_column vc_column_container vc_col-sm-6\"><div class=\"vc_column-inner\"><div class=\"wpb_wrapper\">\n\t<div class=\"wpb_text_column wpb_content_element\" >\n\t\t<div class=\"wpb_wrapper\">\n\t\t\t<p style=\"text-align: right;\">A proposta do EARS incorpora inova\u00e7\u00f5es tecnol\u00f3gicas com o objetivo de desenvolver componentes, servi\u00e7os e ferramentas que melhorem a busca por servi\u00e7os e o suporte remoto ao cliente em m\u00faltiplos dom\u00ednios. Para isso, ser\u00e3o aplicadas tecnologias emergentes de IA, como ML e NLP, visando proporcionar uma gest\u00e3o mais eficiente e personalizada nos servi\u00e7os prestados. O impacto do projeto ser\u00e1 validado em nove setores: suporte de TI, justi\u00e7a, sa\u00fade, produtos eletr\u00f4nicos de consumo, com\u00e9rcio eletr\u00f4nico, telemarketing, ind\u00fastria, log\u00edstica e desenvolvimento de software.<\/p>\n\n\t\t<\/div>\n\t<\/div>\n<\/div><\/div><\/div><\/div><div class=\"vc_row wpb_row vc_row-fluid project-image-adjust vc_custom_1739979376695 vc_row-o-content-middle vc_row-flex\"><div class=\"wpb_column vc_column_container vc_col-sm-6\"><div class=\"vc_column-inner\"><div class=\"wpb_wrapper\">\n\t<div class=\"wpb_text_column wpb_content_element\" >\n\t\t<div class=\"wpb_wrapper\">\n\t\t\t<p>A inova\u00e7\u00e3o principal do projeto EARS \u00e9 o desenvolvimento de sistemas de recomenda\u00e7\u00e3o multidom\u00ednio, que ser\u00e3o capazes de aprender tanto com os dados que recolhem como com os resultados de outros sistemas de recomenda\u00e7\u00e3o. A integra\u00e7\u00e3o de t\u00e9cnicas explic\u00e1veis nos modelos de recomenda\u00e7\u00e3o proporcionar\u00e1 uma vis\u00e3o mais clara sobre as raz\u00f5es subjacentes a cada sugest\u00e3o, melhorando a transpar\u00eancia e a confian\u00e7a dos utilizadores, al\u00e9m de permitir a personaliza\u00e7\u00e3o din\u00e2mica das recomenda\u00e7\u00f5es com base no feedback cont\u00ednuo dos clientes.<\/p>\n\n\t\t<\/div>\n\t<\/div>\n<\/div><\/div><\/div><div class=\"wpb_column vc_column_container vc_col-sm-6\"><div class=\"vc_column-inner\"><div class=\"wpb_wrapper\">\n\t<div  class=\"wpb_single_image wpb_content_element vc_align_right wpb_content_element\">\n\t\t\n\t\t<figure class=\"wpb_wrapper vc_figure\">\n\t\t\t<div class=\"vc_single_image-wrapper   vc_box_border_grey\"><img loading=\"lazy\" decoding=\"async\" width=\"1024\" height=\"1021\" src=\"https:\/\/ears.ftpporto.com\/wp-content\/uploads\/2025\/02\/5-1024x1021.png\" class=\"vc_single_image-img attachment-large\" alt=\"\" title=\"5\" srcset=\"https:\/\/ears.ftpporto.com\/wp-content\/uploads\/2025\/02\/5-1024x1021.png 1024w, https:\/\/ears.ftpporto.com\/wp-content\/uploads\/2025\/02\/5-300x300.png 300w, https:\/\/ears.ftpporto.com\/wp-content\/uploads\/2025\/02\/5-150x150.png 150w, https:\/\/ears.ftpporto.com\/wp-content\/uploads\/2025\/02\/5-768x766.png 768w, https:\/\/ears.ftpporto.com\/wp-content\/uploads\/2025\/02\/5-1536x1532.png 1536w, https:\/\/ears.ftpporto.com\/wp-content\/uploads\/2025\/02\/5-2048x2043.png 2048w\" sizes=\"auto, (max-width: 1024px) 100vw, 1024px\" \/><\/div>\n\t\t<\/figure>\n\t<\/div>\n<\/div><\/div><\/div><\/div><div data-vc-full-width=\"true\" data-vc-full-width-init=\"false\" class=\"vc_row wpb_row vc_row-fluid project-image-adjust vc_custom_1739984339229 vc_row-has-fill vc_row-o-content-middle vc_row-flex\"><div class=\"wpb_column vc_column_container vc_col-sm-12\"><div class=\"vc_column-inner\"><div class=\"wpb_wrapper\">\n\t<div class=\"wpb_text_column wpb_content_element\" >\n\t\t<div class=\"wpb_wrapper\">\n\t\t\t<p style=\"text-align: right;\">O EARS ser\u00e1 capaz de processar e classificar pedidos, identificar os agentes mais qualificados para atend\u00ea-los, bem como fornecer um suporte personalizado para os clientes de acordo com as suas necessidades e caracter\u00edsticas espec\u00edficas. O projeto tamb\u00e9m fomentar\u00e1 a colabora\u00e7\u00e3o entre fornecedores de tecnologia e especialistas de diversas \u00e1reas, ampliando o escopo e a profundidade das solu\u00e7\u00f5es oferecidas e impulsionando a evolu\u00e7\u00e3o do estado da arte na gest\u00e3o de servi\u00e7os cognitivos.<\/p>\n\n\t\t<\/div>\n\t<\/div>\n<\/div><\/div><\/div><\/div><div class=\"vc_row-full-width vc_clearfix\"><\/div><div class=\"vc_row wpb_row vc_row-fluid project-image-adjust vc_custom_1739979384168 vc_row-o-content-middle vc_row-flex\"><div class=\"wpb_column vc_column_container vc_col-sm-6\"><div class=\"vc_column-inner\"><div class=\"wpb_wrapper\">\n\t<div class=\"wpb_text_column wpb_content_element\" >\n\t\t<div class=\"wpb_wrapper\">\n\t\t\t<p>Uma das \u00e1reas-chave do projeto ser\u00e1 a an\u00e1lise de abordagens para criar workflows din\u00e2micos e eficientes que otimizem as prioridades dentro de equipas de suporte ao cliente. O uso de profiling avan\u00e7ado de clientes e agentes, baseado na an\u00e1lise de dados que considera aspectos emocionais e comportamentais, permitir\u00e1 gerar novas metodologias de intera\u00e7\u00e3o que melhorem a experi\u00eancia do utilizador. Este processo incluir\u00e1 a utiliza\u00e7\u00e3o de t\u00e9cnicas de IA para analisar e classificar emo\u00e7\u00f5es, extrair informa\u00e7\u00f5es de dados n\u00e3o estruturados, detectar t\u00f3picos relevantes e prever tend\u00eancias nos servi\u00e7os oferecidos.<\/p>\n\n\t\t<\/div>\n\t<\/div>\n<\/div><\/div><\/div><div class=\"wpb_column vc_column_container vc_col-sm-6\"><div class=\"vc_column-inner\"><div class=\"wpb_wrapper\">\n\t<div  class=\"wpb_single_image wpb_content_element vc_align_right wpb_content_element\">\n\t\t\n\t\t<figure class=\"wpb_wrapper vc_figure\">\n\t\t\t<div class=\"vc_single_image-wrapper   vc_box_border_grey\"><img loading=\"lazy\" decoding=\"async\" width=\"1022\" height=\"1024\" src=\"https:\/\/ears.ftpporto.com\/wp-content\/uploads\/2025\/02\/7-1022x1024.png\" class=\"vc_single_image-img attachment-large\" alt=\"\" title=\"7\" srcset=\"https:\/\/ears.ftpporto.com\/wp-content\/uploads\/2025\/02\/7-1022x1024.png 1022w, https:\/\/ears.ftpporto.com\/wp-content\/uploads\/2025\/02\/7-300x300.png 300w, https:\/\/ears.ftpporto.com\/wp-content\/uploads\/2025\/02\/7-150x150.png 150w, https:\/\/ears.ftpporto.com\/wp-content\/uploads\/2025\/02\/7-768x770.png 768w, https:\/\/ears.ftpporto.com\/wp-content\/uploads\/2025\/02\/7-1532x1536.png 1532w, https:\/\/ears.ftpporto.com\/wp-content\/uploads\/2025\/02\/7-2043x2048.png 2043w\" sizes=\"auto, (max-width: 1022px) 100vw, 1022px\" \/><\/div>\n\t\t<\/figure>\n\t<\/div>\n<\/div><\/div><\/div><\/div><div class=\"vc_row wpb_row vc_row-fluid project-image-adjust vc_custom_1739979387510 vc_row-o-content-middle vc_row-flex\"><div class=\"wpb_column vc_column_container vc_col-sm-6\"><div class=\"vc_column-inner\"><div class=\"wpb_wrapper\">\n\t<div  class=\"wpb_single_image wpb_content_element vc_align_left wpb_content_element\">\n\t\t\n\t\t<figure class=\"wpb_wrapper vc_figure\">\n\t\t\t<div class=\"vc_single_image-wrapper   vc_box_border_grey\"><img loading=\"lazy\" decoding=\"async\" width=\"1003\" height=\"1024\" src=\"https:\/\/ears.ftpporto.com\/wp-content\/uploads\/2025\/02\/8-1003x1024.png\" class=\"vc_single_image-img attachment-large\" alt=\"\" title=\"8\" srcset=\"https:\/\/ears.ftpporto.com\/wp-content\/uploads\/2025\/02\/8-1003x1024.png 1003w, https:\/\/ears.ftpporto.com\/wp-content\/uploads\/2025\/02\/8-294x300.png 294w, https:\/\/ears.ftpporto.com\/wp-content\/uploads\/2025\/02\/8-768x784.png 768w, https:\/\/ears.ftpporto.com\/wp-content\/uploads\/2025\/02\/8-1505x1536.png 1505w, https:\/\/ears.ftpporto.com\/wp-content\/uploads\/2025\/02\/8-2007x2048.png 2007w\" sizes=\"auto, (max-width: 1003px) 100vw, 1003px\" \/><\/div>\n\t\t<\/figure>\n\t<\/div>\n<\/div><\/div><\/div><div class=\"wpb_column vc_column_container vc_col-sm-6\"><div class=\"vc_column-inner\"><div class=\"wpb_wrapper\">\n\t<div class=\"wpb_text_column wpb_content_element\" >\n\t\t<div class=\"wpb_wrapper\">\n\t\t\t<p style=\"text-align: right;\">Al\u00e9m disso, alguns dos componentes do projeto ser\u00e3o disponibilizados como c\u00f3digo aberto, facilitando a sua adapta\u00e7\u00e3o e personaliza\u00e7\u00e3o para diferentes \u00e1reas e necessidades. Com isso, o EARS contribuir\u00e1 para a r\u00e1pida ado\u00e7\u00e3o de modelos de IA em diversos setores, atrav\u00e9s de uma abordagem baseada em Cognitive Service Management (CSM). A crescente tend\u00eancia de trabalho remoto e a expans\u00e3o dos servi\u00e7os de suporte remoto indicam que a solu\u00e7\u00e3o desenvolvida pelo projeto EARS ter\u00e1 uma procura crescente, tornando-se um produto essencial para organiza\u00e7\u00f5es que buscam otimizar o atendimento ao cliente e melhorar a sua efici\u00eancia operacional.<\/p>\n\n\t\t<\/div>\n\t<\/div>\n<\/div><\/div><\/div><\/div><div data-vc-full-width=\"true\" data-vc-full-width-init=\"false\" class=\"vc_row wpb_row vc_row-fluid project-image-adjust vc_custom_1739984347063 vc_row-has-fill vc_row-o-content-middle vc_row-flex\"><div class=\"wpb_column vc_column_container vc_col-sm-12\"><div class=\"vc_column-inner\"><div class=\"wpb_wrapper\">\n\t<div class=\"wpb_text_column wpb_content_element\" >\n\t\t<div class=\"wpb_wrapper\">\n\t\t\t<p>Em suma, o projeto EARS representar\u00e1 uma revolu\u00e7\u00e3o na forma como os servi\u00e7os s\u00e3o geridos e oferecidos remotamente, proporcionando solu\u00e7\u00f5es mais r\u00e1pidas, personalizadas e eficientes, ao mesmo tempo que impulsiona a ado\u00e7\u00e3o de IA em m\u00faltiplos setores.<\/p>\n\n\t\t<\/div>\n\t<\/div>\n<\/div><\/div><\/div><\/div><div class=\"vc_row-full-width vc_clearfix\"><\/div>\n<\/div>","protected":false},"excerpt":{"rendered":"O projeto EARS visa o desenvolvimento de uma framework inovadora que permita a atribui\u00e7\u00e3o autom\u00e1tica e eficiente do agente mais adequado para atender \u00e0s necessidades espec\u00edficas de clientes, melhorando a gest\u00e3o de recursos em servi\u00e7os de suporte remoto. Em um cen\u00e1rio onde a internet de alta velocidade tornou-se acess\u00edvel, o EARS surge para atender \u00e0 ... <a title=\"Projeto\" class=\"read-more\" href=\"https:\/\/ears.ftpporto.com\/index.php\/projecto\/\" aria-label=\"Leia mais sobre Projeto\">Ler mais<\/a>","protected":false},"author":1,"featured_media":0,"parent":0,"menu_order":0,"comment_status":"closed","ping_status":"closed","template":"","meta":{"footnotes":""},"class_list":["post-131","page","type-page","status-publish"],"_links":{"self":[{"href":"https:\/\/ears.ftpporto.com\/index.php\/wp-json\/wp\/v2\/pages\/131","targetHints":{"allow":["GET"]}}],"collection":[{"href":"https:\/\/ears.ftpporto.com\/index.php\/wp-json\/wp\/v2\/pages"}],"about":[{"href":"https:\/\/ears.ftpporto.com\/index.php\/wp-json\/wp\/v2\/types\/page"}],"author":[{"embeddable":true,"href":"https:\/\/ears.ftpporto.com\/index.php\/wp-json\/wp\/v2\/users\/1"}],"replies":[{"embeddable":true,"href":"https:\/\/ears.ftpporto.com\/index.php\/wp-json\/wp\/v2\/comments?post=131"}],"version-history":[{"count":11,"href":"https:\/\/ears.ftpporto.com\/index.php\/wp-json\/wp\/v2\/pages\/131\/revisions"}],"predecessor-version":[{"id":269,"href":"https:\/\/ears.ftpporto.com\/index.php\/wp-json\/wp\/v2\/pages\/131\/revisions\/269"}],"wp:attachment":[{"href":"https:\/\/ears.ftpporto.com\/index.php\/wp-json\/wp\/v2\/media?parent=131"}],"curies":[{"name":"wp","href":"https:\/\/api.w.org\/{rel}","templated":true}]}}